{"id":12967,"date":"2026-03-19T15:31:45","date_gmt":"2026-03-19T13:31:45","guid":{"rendered":"https:\/\/agroza.gr\/?page_id=12967"},"modified":"2026-03-19T15:31:48","modified_gmt":"2026-03-19T13:31:48","slug":"diventa-nostro-partner","status":"publish","type":"page","link":"https:\/\/agroza.gr\/it\/diventa-nostro-partner\/","title":{"rendered":"Diventa nostro partner"},"content":{"rendered":"\n<p><br>Cresciamo insieme! Unisciti alla nostra rete di partner.<\/p>\n\n\n\n<p>Sei pronto a trasformare il potenziale in profitto? Siamo impegnati a ridefinire il concetto di successo e vogliamo che tu sia un protagonista chiave in questo percorso!<\/p>\n\n\n\n<h2 class=\"wp-block-heading\" id=\"block-863ba2a4-4200-4f5a-89df-666107c98da4\">Cresciamo insieme! Unisciti alla nostra rete di partner.<\/h2>\n\n\n\n<p>Sei pronto a trasformare il potenziale in profitto? Siamo impegnati a ridefinire il concetto di successo e vogliamo che tu sia un protagonista in questo percorso!<\/p>\n\n\n\n<h2 class=\"wp-block-heading\" id=\"block-8af80886-ae8e-47e9-afe7-fffc3d6aefd3\">Scopri i vantaggi di collaborare con noi!<\/h2>\n\n\n\n<p id=\"block-44b74ed3-4617-4c24-ba59-0801a67c3dbd\">Aumento del fatturato<br>La vendita dei nostri prodotti tramite il tuo negozio pu\u00f2 contribuire ad aumentare il tuo fatturato, ampliando la gamma di prodotti e attirando nuovi clienti.<\/p>\n\n\n\n<p>Gamma di prodotti diversificata<br>Collaborando con la nostra azienda, il tuo negozio potr\u00e0 contare su una gamma di prodotti pi\u00f9 ampia, in grado di raggiungere un pubblico pi\u00f9 vasto e soddisfare le diverse esigenze dei clienti (dilettanti e professionisti).<\/p>\n\n\n\n<p id=\"block-11e06dc7-a079-471a-91c5-a497cf26b081\">Affidabilit\u00e0 del marchio<br>Oltre 40 anni di esperienza nel settore, con affidabilit\u00e0, competenza e qualit\u00e0.<\/p>\n\n\n\n<p id=\"block-de199e25-b404-4fcd-9d87-3c06b3be40ab\">Supporto al marketing<br>Fornire materiale di marketing, supporto promozionale e co-branding pu\u00f2 aiutare il tuo negozio a commercializzare efficacemente i tuoi prodotti.<\/p>\n\n\n\n<p>Formazione e conoscenza dei prodotti<br>Offrire sessioni di formazione e una conoscenza approfondita dei prodotti pu\u00f2 aiutare il personale del negozio a supportare efficacemente le vendite.<\/p>\n\n\n\n<p id=\"block-08373bdf-c1ac-43de-883c-d1e616572471\">Eventi e promozioni congiunte<br>Eventi e promozioni congiunte possono creare interesse, attirare clienti e creare un&#8217;esperienza di acquisto positiva..<\/p>\n\n\n\n<p id=\"block-1695bd56-3f2f-4a04-8138-21128db08b6e\">Opportunit\u00e0 di Private Label<br>Esplorare iniziative di co-branding pu\u00f2 creare un&#8217;identit\u00e0 unica per la partnership, migliorando ulteriormente la visibilit\u00e0 e l&#8217;interesse dei clienti.<\/p>\n\n\n\n<p>Strategie di merchandising<br>Collaborare su approcci di merchandising innovativi (stand promozionali, ecc.) pu\u00f2 creare esposizioni di grande impatto e attirare l&#8217;attenzione sul tuo punto vendita.<\/p>\n\n\n\n<p>Adattamento alle tendenze di mercato<br>Rimanere informati sulle tendenze di mercato e sulle preferenze dei consumatori pu\u00f2 aiutare il punto vendita a rimanere competitivo e a rispondere alle esigenze in continua evoluzione dei clienti.<\/p>\n\n\n\n<p id=\"block-f927710a-4436-4a19-b2cb-a284e9cd76e5\">Promozione del punto vendita<br>Possibilit\u00e0 di promuovere il tuo punto vendita attraverso la nostra rete di vendita, su una mappa dedicata sul sito web aziendale.<\/p>\n\n\n\n<h2 class=\"wp-block-heading\" id=\"block-44f533cb-3bbe-4b89-af8c-089a5be9db1e\">Compila il modulo e ti contatteremo.<\/h2>\n\n\n\n<p>Ricerchiamo partnership vantaggiose per entrambe le parti con partner affidabili e punti vendita stabili.<\/p>\n\n\n\n<p>Parla con noi<\/p>\n\n\n\n<p id=\"block-1c530de6-6d50-467e-bf3e-95d2967119c9\">Compila il modulo e ti contatteremo per discutere di come possiamo raggiungere il successo insieme!<\/p>\n","protected":false},"excerpt":{"rendered":"Cresciamo insieme! Unisciti alla nostra rete di partner. Sei pronto a trasformare il potenziale in profitto? Siamo impegnati a ridefinire il concetto di successo e [&hellip;]","protected":false},"author":9375,"featured_media":0,"parent":0,"menu_order":0,"comment_status":"closed","ping_status":"closed","template":"","meta":{"_acf_changed":false,"inline_featured_image":false,"footnotes":""},"class_list":["post-12967","page","type-page","status-publish","hentry"],"acf":[],"yoast_head":"<!-- This site is optimized with the Yoast SEO plugin v27.2 - https:\/\/yoast.com\/product\/yoast-seo-wordpress\/ -->\n<title>Diventa nostro partner - Agroza<\/title>\n<meta name=\"robots\" content=\"index, follow, max-snippet:-1, max-image-preview:large, max-video-preview:-1\" \/>\n<link rel=\"canonical\" href=\"https:\/\/agroza.gr\/it\/diventa-nostro-partner\/\" \/>\n<meta property=\"og:locale\" content=\"it_IT\" \/>\n<meta property=\"og:type\" content=\"article\" \/>\n<meta property=\"og:title\" content=\"Diventa nostro partner - Agroza\" \/>\n<meta property=\"og:description\" content=\"Cresciamo insieme! Unisciti alla nostra rete di partner. Sei pronto a trasformare il potenziale in profitto? Siamo impegnati a ridefinire il concetto di successo e [&hellip;]\" \/>\n<meta property=\"og:url\" content=\"https:\/\/agroza.gr\/it\/diventa-nostro-partner\/\" \/>\n<meta property=\"og:site_name\" content=\"Agroza\" \/>\n<meta property=\"article:modified_time\" content=\"2026-03-19T13:31:48+00:00\" \/>\n<meta name=\"twitter:card\" content=\"summary_large_image\" \/>\n<meta name=\"twitter:label1\" content=\"Tempo di lettura stimato\" \/>\n\t<meta name=\"twitter:data1\" content=\"2 minuti\" \/>\n<script type=\"application\/ld+json\" class=\"yoast-schema-graph\">{\"@context\":\"https:\/\/schema.org\",\"@graph\":[{\"@type\":\"WebPage\",\"@id\":\"https:\/\/agroza.gr\/it\/diventa-nostro-partner\/\",\"url\":\"https:\/\/agroza.gr\/it\/diventa-nostro-partner\/\",\"name\":\"Diventa nostro partner - Agroza\",\"isPartOf\":{\"@id\":\"https:\/\/agroza.gr\/#website\"},\"datePublished\":\"2026-03-19T13:31:45+00:00\",\"dateModified\":\"2026-03-19T13:31:48+00:00\",\"breadcrumb\":{\"@id\":\"https:\/\/agroza.gr\/it\/diventa-nostro-partner\/#breadcrumb\"},\"inLanguage\":\"it-IT\",\"potentialAction\":[{\"@type\":\"ReadAction\",\"target\":[\"https:\/\/agroza.gr\/it\/diventa-nostro-partner\/\"]}]},{\"@type\":\"BreadcrumbList\",\"@id\":\"https:\/\/agroza.gr\/it\/diventa-nostro-partner\/#breadcrumb\",\"itemListElement\":[{\"@type\":\"ListItem\",\"position\":1,\"name\":\"Home\",\"item\":\"https:\/\/agroza.gr\/it\/\"},{\"@type\":\"ListItem\",\"position\":2,\"name\":\"Diventa nostro partner\"}]},{\"@type\":\"WebSite\",\"@id\":\"https:\/\/agroza.gr\/#website\",\"url\":\"https:\/\/agroza.gr\/\",\"name\":\"Agroza\",\"description\":\"Agroza\",\"potentialAction\":[{\"@type\":\"SearchAction\",\"target\":{\"@type\":\"EntryPoint\",\"urlTemplate\":\"https:\/\/agroza.gr\/?s={search_term_string}\"},\"query-input\":{\"@type\":\"PropertyValueSpecification\",\"valueRequired\":true,\"valueName\":\"search_term_string\"}}],\"inLanguage\":\"it-IT\"}]}<\/script>\n<!-- \/ Yoast SEO plugin. -->","yoast_head_json":{"title":"Diventa nostro partner - Agroza","robots":{"index":"index","follow":"follow","max-snippet":"max-snippet:-1","max-image-preview":"max-image-preview:large","max-video-preview":"max-video-preview:-1"},"canonical":"https:\/\/agroza.gr\/it\/diventa-nostro-partner\/","og_locale":"it_IT","og_type":"article","og_title":"Diventa nostro partner - Agroza","og_description":"Cresciamo insieme! Unisciti alla nostra rete di partner. Sei pronto a trasformare il potenziale in profitto? Siamo impegnati a ridefinire il concetto di successo e [&hellip;]","og_url":"https:\/\/agroza.gr\/it\/diventa-nostro-partner\/","og_site_name":"Agroza","article_modified_time":"2026-03-19T13:31:48+00:00","twitter_card":"summary_large_image","twitter_misc":{"Tempo di lettura stimato":"2 minuti"},"schema":{"@context":"https:\/\/schema.org","@graph":[{"@type":"WebPage","@id":"https:\/\/agroza.gr\/it\/diventa-nostro-partner\/","url":"https:\/\/agroza.gr\/it\/diventa-nostro-partner\/","name":"Diventa nostro partner - Agroza","isPartOf":{"@id":"https:\/\/agroza.gr\/#website"},"datePublished":"2026-03-19T13:31:45+00:00","dateModified":"2026-03-19T13:31:48+00:00","breadcrumb":{"@id":"https:\/\/agroza.gr\/it\/diventa-nostro-partner\/#breadcrumb"},"inLanguage":"it-IT","potentialAction":[{"@type":"ReadAction","target":["https:\/\/agroza.gr\/it\/diventa-nostro-partner\/"]}]},{"@type":"BreadcrumbList","@id":"https:\/\/agroza.gr\/it\/diventa-nostro-partner\/#breadcrumb","itemListElement":[{"@type":"ListItem","position":1,"name":"Home","item":"https:\/\/agroza.gr\/it\/"},{"@type":"ListItem","position":2,"name":"Diventa nostro partner"}]},{"@type":"WebSite","@id":"https:\/\/agroza.gr\/#website","url":"https:\/\/agroza.gr\/","name":"Agroza","description":"Agroza","potentialAction":[{"@type":"SearchAction","target":{"@type":"EntryPoint","urlTemplate":"https:\/\/agroza.gr\/?s={search_term_string}"},"query-input":{"@type":"PropertyValueSpecification","valueRequired":true,"valueName":"search_term_string"}}],"inLanguage":"it-IT"}]}},"_links":{"self":[{"href":"https:\/\/agroza.gr\/it\/wp-json\/wp\/v2\/pages\/12967","targetHints":{"allow":["GET"]}}],"collection":[{"href":"https:\/\/agroza.gr\/it\/wp-json\/wp\/v2\/pages"}],"about":[{"href":"https:\/\/agroza.gr\/it\/wp-json\/wp\/v2\/types\/page"}],"author":[{"embeddable":true,"href":"https:\/\/agroza.gr\/it\/wp-json\/wp\/v2\/users\/9375"}],"replies":[{"embeddable":true,"href":"https:\/\/agroza.gr\/it\/wp-json\/wp\/v2\/comments?post=12967"}],"version-history":[{"count":0,"href":"https:\/\/agroza.gr\/it\/wp-json\/wp\/v2\/pages\/12967\/revisions"}],"wp:attachment":[{"href":"https:\/\/agroza.gr\/it\/wp-json\/wp\/v2\/media?parent=12967"}],"curies":[{"name":"wp","href":"https:\/\/api.w.org\/{rel}","templated":true}]}}