{"id":13275,"date":"2026-03-24T15:10:18","date_gmt":"2026-03-24T13:10:18","guid":{"rendered":"https:\/\/agroza.gr\/?post_type=product&#038;p=13275"},"modified":"2026-03-24T15:10:19","modified_gmt":"2026-03-24T13:10:19","slug":"phostoxin-bag-1700-g","status":"publish","type":"product","link":"https:\/\/agroza.gr\/it\/product\/phostoxin-bag-1700-g\/","title":{"rendered":"Phostoxin\u00ae Bag ( 1700 g)"},"content":{"rendered":"<p>\u2022 I sacchetti contengono il 57% di fosfuro di alluminio in materiale Tyvek, elemento fondamentale dell&#8217;eccellente tecnologia del prodotto.<\/p>\n<p>\u2022 Garantisce un rilascio graduale e sicuro della fosfina.<\/p>\n<p>\u2022 La speciale superficie permette all&#8217;umidit\u00e0 di attraversare il sacchetto, ma l&#8217;acqua, essendo liquida, non penetra. Ci\u00f2 offre un maggiore controllo sulla velocit\u00e0 di rilascio del gas.<\/p>\n<p>\u2022 La concentrazione di fosfina aumenta lentamente e gradualmente, per poi diminuire lentamente una volta raggiunto il massimo.<\/p>\n<p>\u2022 Durante questa fase di calo prolungato, la concentrazione \u00e8 letale per gli insetti.<\/p>\n<p>\u2022 Massima sicurezza, nessun residuo di prodotto.<\/p>\n<p>\u2022 Il gusto e l&#8217;aroma dei prodotti conservati non vengono alterati.<\/p>\n<p>\u2022 Sicuro e facile da usare.<\/p>\n<p>\u2022 Prodotto ideale per merci sensibili e prodotti confezionati.<\/p>\n<p>&#8211; Le coperte sono la soluzione pi\u00f9 apprezzata al mondo. \u00c8 possibile combinare centinaia di sacchetti, consentendo di effettuare la fumigazione in modo economico, pratico e semplice.<\/p>\n","protected":false},"excerpt":{"rendered":"<strong>Formato:<\/strong> bustine da 34 g (ogni bustina rilascia 11,3 g di fosfina).\r\n\r\n<strong>Composizione<\/strong>: fosfuro di alluminio.\r\n\r\n<strong>Modo di applicazione:<\/strong> mediante fumigazione. La fosfina rilasciata \u00e8 un gas altamente tossico utilizzato per la fumigazione di tutti gli stadi di sviluppo di insetti e acari (nelle loro fasi di movimento) presenti nei prodotti immagazzinati.\r\n\r\n<strong>Confezione:<\/strong> 1.700 g (50 bustine da 34 g di coperta ad anelli) &#8211; (barile da 12 pezzi) (Codice: 10596)","protected":false},"featured_media":13274,"comment_status":"open","ping_status":"closed","template":"","meta":{"_acf_changed":false,"inline_featured_image":false},"product_brand":[1922],"product_cat":[2491],"product_tag":[2305,2662,2668,2672,2692,2163,1989],"class_list":{"0":"post-13275","1":"product","2":"type-product","3":"status-publish","4":"has-post-thumbnail","6":"product_brand-detia-degesch","7":"product_cat-preparati-di-fosfinidi-fosfina-magtossina-gastossina","8":"product_tag-2305","9":"product_tag-borsa","10":"product_tag-degesch","11":"product_tag-detia","12":"product_tag-phostoxin","13":"product_tag-kouvertes","14":"product_tag-fosfini","16":"first","17":"instock","18":"taxable","19":"shipping-taxable","20":"product-type-simple"},"acf":[],"yoast_head":"<!-- This site is optimized with the Yoast SEO plugin v27.2 - https:\/\/yoast.com\/product\/yoast-seo-wordpress\/ -->\n<title>Phostoxin\u00ae Bag ( 1700 g) - Agroza<\/title>\n<meta name=\"robots\" content=\"index, follow, max-snippet:-1, max-image-preview:large, max-video-preview:-1\" \/>\n<link rel=\"canonical\" href=\"https:\/\/agroza.gr\/it\/product\/phostoxin-bag-1700-g\/\" \/>\n<meta property=\"og:locale\" content=\"it_IT\" \/>\n<meta property=\"og:type\" content=\"article\" \/>\n<meta property=\"og:title\" content=\"Phostoxin\u00ae Bag ( 1700 g) - Agroza\" \/>\n<meta property=\"og:description\" content=\"Formato: bustine da 34 g (ogni bustina rilascia 11,3 g di fosfina).  Composizione: fosfuro di alluminio.  Modo di applicazione: mediante fumigazione. La fosfina rilasciata \u00e8 un gas altamente tossico utilizzato per la fumigazione di tutti gli stadi di sviluppo di insetti e acari (nelle loro fasi di movimento) presenti nei prodotti immagazzinati.  Confezione: 1.700 g (50 bustine da 34 g di coperta ad anelli) - (barile da 12 pezzi) (Codice: 10596)\" \/>\n<meta property=\"og:url\" content=\"https:\/\/agroza.gr\/it\/product\/phostoxin-bag-1700-g\/\" \/>\n<meta property=\"og:site_name\" content=\"Agroza\" \/>\n<meta property=\"article:modified_time\" content=\"2026-03-24T13:10:19+00:00\" \/>\n<meta property=\"og:image\" content=\"https:\/\/agroza.gr\/wp-content\/uploads\/2025\/07\/PHOSTOXIN-BAG-1700g.jpg\" \/>\n\t<meta property=\"og:image:width\" content=\"1600\" \/>\n\t<meta property=\"og:image:height\" content=\"1600\" \/>\n\t<meta property=\"og:image:type\" content=\"image\/jpeg\" \/>\n<meta name=\"twitter:card\" content=\"summary_large_image\" \/>\n<meta name=\"twitter:label1\" content=\"Tempo di lettura stimato\" \/>\n\t<meta name=\"twitter:data1\" content=\"1 minuto\" \/>\n<script type=\"application\/ld+json\" class=\"yoast-schema-graph\">{\"@context\":\"https:\/\/schema.org\",\"@graph\":[{\"@type\":\"WebPage\",\"@id\":\"https:\/\/agroza.gr\/it\/product\/phostoxin-bag-1700-g\/\",\"url\":\"https:\/\/agroza.gr\/it\/product\/phostoxin-bag-1700-g\/\",\"name\":\"Phostoxin\u00ae Bag ( 1700 g) - Agroza\",\"isPartOf\":{\"@id\":\"https:\/\/agroza.gr\/#website\"},\"primaryImageOfPage\":{\"@id\":\"https:\/\/agroza.gr\/it\/product\/phostoxin-bag-1700-g\/#primaryimage\"},\"image\":{\"@id\":\"https:\/\/agroza.gr\/it\/product\/phostoxin-bag-1700-g\/#primaryimage\"},\"thumbnailUrl\":\"https:\/\/agroza.gr\/wp-content\/uploads\/2025\/07\/PHOSTOXIN-BAG-1700g.jpg\",\"datePublished\":\"2026-03-24T13:10:18+00:00\",\"dateModified\":\"2026-03-24T13:10:19+00:00\",\"breadcrumb\":{\"@id\":\"https:\/\/agroza.gr\/it\/product\/phostoxin-bag-1700-g\/#breadcrumb\"},\"inLanguage\":\"it-IT\",\"potentialAction\":[{\"@type\":\"ReadAction\",\"target\":[\"https:\/\/agroza.gr\/it\/product\/phostoxin-bag-1700-g\/\"]}]},{\"@type\":\"ImageObject\",\"inLanguage\":\"it-IT\",\"@id\":\"https:\/\/agroza.gr\/it\/product\/phostoxin-bag-1700-g\/#primaryimage\",\"url\":\"https:\/\/agroza.gr\/wp-content\/uploads\/2025\/07\/PHOSTOXIN-BAG-1700g.jpg\",\"contentUrl\":\"https:\/\/agroza.gr\/wp-content\/uploads\/2025\/07\/PHOSTOXIN-BAG-1700g.jpg\",\"width\":1600,\"height\":1600,\"caption\":\"PHOSTOXIN-BAG-1700g\"},{\"@type\":\"BreadcrumbList\",\"@id\":\"https:\/\/agroza.gr\/it\/product\/phostoxin-bag-1700-g\/#breadcrumb\",\"itemListElement\":[{\"@type\":\"ListItem\",\"position\":1,\"name\":\"Home\",\"item\":\"https:\/\/agroza.gr\/it\/\"},{\"@type\":\"ListItem\",\"position\":2,\"name\":\"\u03a0\u03c1\u03bf\u03ca\u03cc\u03bd\u03c4\u03b1\",\"item\":\"https:\/\/agroza.gr\/shop\/\"},{\"@type\":\"ListItem\",\"position\":3,\"name\":\"Phostoxin\u00ae Bag ( 1700 g)\"}]},{\"@type\":\"WebSite\",\"@id\":\"https:\/\/agroza.gr\/#website\",\"url\":\"https:\/\/agroza.gr\/\",\"name\":\"Agroza\",\"description\":\"Agroza\",\"potentialAction\":[{\"@type\":\"SearchAction\",\"target\":{\"@type\":\"EntryPoint\",\"urlTemplate\":\"https:\/\/agroza.gr\/?s={search_term_string}\"},\"query-input\":{\"@type\":\"PropertyValueSpecification\",\"valueRequired\":true,\"valueName\":\"search_term_string\"}}],\"inLanguage\":\"it-IT\"}]}<\/script>\n<!-- \/ Yoast SEO plugin. -->","yoast_head_json":{"title":"Phostoxin\u00ae Bag ( 1700 g) - Agroza","robots":{"index":"index","follow":"follow","max-snippet":"max-snippet:-1","max-image-preview":"max-image-preview:large","max-video-preview":"max-video-preview:-1"},"canonical":"https:\/\/agroza.gr\/it\/product\/phostoxin-bag-1700-g\/","og_locale":"it_IT","og_type":"article","og_title":"Phostoxin\u00ae Bag ( 1700 g) - Agroza","og_description":"Formato: bustine da 34 g (ogni bustina rilascia 11,3 g di fosfina).  Composizione: fosfuro di alluminio.  Modo di applicazione: mediante fumigazione. La fosfina rilasciata \u00e8 un gas altamente tossico utilizzato per la fumigazione di tutti gli stadi di sviluppo di insetti e acari (nelle loro fasi di movimento) presenti nei prodotti immagazzinati.  Confezione: 1.700 g (50 bustine da 34 g di coperta ad anelli) - (barile da 12 pezzi) (Codice: 10596)","og_url":"https:\/\/agroza.gr\/it\/product\/phostoxin-bag-1700-g\/","og_site_name":"Agroza","article_modified_time":"2026-03-24T13:10:19+00:00","og_image":[{"width":1600,"height":1600,"url":"https:\/\/agroza.gr\/wp-content\/uploads\/2025\/07\/PHOSTOXIN-BAG-1700g.jpg","type":"image\/jpeg"}],"twitter_card":"summary_large_image","twitter_misc":{"Tempo di lettura stimato":"1 minuto"},"schema":{"@context":"https:\/\/schema.org","@graph":[{"@type":"WebPage","@id":"https:\/\/agroza.gr\/it\/product\/phostoxin-bag-1700-g\/","url":"https:\/\/agroza.gr\/it\/product\/phostoxin-bag-1700-g\/","name":"Phostoxin\u00ae Bag ( 1700 g) - Agroza","isPartOf":{"@id":"https:\/\/agroza.gr\/#website"},"primaryImageOfPage":{"@id":"https:\/\/agroza.gr\/it\/product\/phostoxin-bag-1700-g\/#primaryimage"},"image":{"@id":"https:\/\/agroza.gr\/it\/product\/phostoxin-bag-1700-g\/#primaryimage"},"thumbnailUrl":"https:\/\/agroza.gr\/wp-content\/uploads\/2025\/07\/PHOSTOXIN-BAG-1700g.jpg","datePublished":"2026-03-24T13:10:18+00:00","dateModified":"2026-03-24T13:10:19+00:00","breadcrumb":{"@id":"https:\/\/agroza.gr\/it\/product\/phostoxin-bag-1700-g\/#breadcrumb"},"inLanguage":"it-IT","potentialAction":[{"@type":"ReadAction","target":["https:\/\/agroza.gr\/it\/product\/phostoxin-bag-1700-g\/"]}]},{"@type":"ImageObject","inLanguage":"it-IT","@id":"https:\/\/agroza.gr\/it\/product\/phostoxin-bag-1700-g\/#primaryimage","url":"https:\/\/agroza.gr\/wp-content\/uploads\/2025\/07\/PHOSTOXIN-BAG-1700g.jpg","contentUrl":"https:\/\/agroza.gr\/wp-content\/uploads\/2025\/07\/PHOSTOXIN-BAG-1700g.jpg","width":1600,"height":1600,"caption":"PHOSTOXIN-BAG-1700g"},{"@type":"BreadcrumbList","@id":"https:\/\/agroza.gr\/it\/product\/phostoxin-bag-1700-g\/#breadcrumb","itemListElement":[{"@type":"ListItem","position":1,"name":"Home","item":"https:\/\/agroza.gr\/it\/"},{"@type":"ListItem","position":2,"name":"\u03a0\u03c1\u03bf\u03ca\u03cc\u03bd\u03c4\u03b1","item":"https:\/\/agroza.gr\/shop\/"},{"@type":"ListItem","position":3,"name":"Phostoxin\u00ae Bag ( 1700 g)"}]},{"@type":"WebSite","@id":"https:\/\/agroza.gr\/#website","url":"https:\/\/agroza.gr\/","name":"Agroza","description":"Agroza","potentialAction":[{"@type":"SearchAction","target":{"@type":"EntryPoint","urlTemplate":"https:\/\/agroza.gr\/?s={search_term_string}"},"query-input":{"@type":"PropertyValueSpecification","valueRequired":true,"valueName":"search_term_string"}}],"inLanguage":"it-IT"}]}},"_links":{"self":[{"href":"https:\/\/agroza.gr\/it\/wp-json\/wp\/v2\/product\/13275","targetHints":{"allow":["GET"]}}],"collection":[{"href":"https:\/\/agroza.gr\/it\/wp-json\/wp\/v2\/product"}],"about":[{"href":"https:\/\/agroza.gr\/it\/wp-json\/wp\/v2\/types\/product"}],"replies":[{"embeddable":true,"href":"https:\/\/agroza.gr\/it\/wp-json\/wp\/v2\/comments?post=13275"}],"wp:featuredmedia":[{"embeddable":true,"href":"https:\/\/agroza.gr\/it\/wp-json\/wp\/v2\/media\/13274"}],"wp:attachment":[{"href":"https:\/\/agroza.gr\/it\/wp-json\/wp\/v2\/media?parent=13275"}],"wp:term":[{"taxonomy":"product_brand","embeddable":true,"href":"https:\/\/agroza.gr\/it\/wp-json\/wp\/v2\/product_brand?post=13275"},{"taxonomy":"product_cat","embeddable":true,"href":"https:\/\/agroza.gr\/it\/wp-json\/wp\/v2\/product_cat?post=13275"},{"taxonomy":"product_tag","embeddable":true,"href":"https:\/\/agroza.gr\/it\/wp-json\/wp\/v2\/product_tag?post=13275"}],"curies":[{"name":"wp","href":"https:\/\/api.w.org\/{rel}","templated":true}]}}